{"id":14601,"date":"2021-04-07T22:29:10","date_gmt":"2021-04-07T22:29:10","guid":{"rendered":"http:\/\/desguacedemotos.info\/index.php\/producto\/suzuki-gsx-600-f\/"},"modified":"2021-04-09T07:59:15","modified_gmt":"2021-04-09T07:59:15","slug":"suzuki-gsx-600-f","status":"publish","type":"product","link":"https:\/\/desguacedemotos.info\/index.php\/producto\/suzuki-gsx-600-f\/","title":{"rendered":"SUZUKI GSX 600 F"},"content":{"rendered":"<p>Se vende \u00fanicamente por piezas sueltas chasis documentado ruedas como nuevas horquilla motor CDI bobinas escapes de origen dep\u00f3sito Plasticos todo en perfecto estado preguntar precio por piezas. Recambio usado, entrega en mano o env\u00edo a toda Espa\u00f1a. Llamenos de lunes a viernes de 10 a 20 y s\u00e1bados de 10 a 14.<\/p>\n","protected":false},"excerpt":{"rendered":"<p>Se vende \u00fanicamente por piezas sueltas chasis documentado ruedas como nuevas horquilla motor CDI bobinas escapes de origen dep\u00f3sito Plasticos todo en perfecto estado preguntar precio por piezas. Recambio usado, entrega en mano o env\u00edo a toda Espa\u00f1a. Llamenos de lunes a viernes de 10 a 20 y s\u00e1bados de 10 a 14.<\/p>\n","protected":false},"featured_media":6131,"template":"","meta":{"neve_meta_sidebar":"","neve_meta_container":"","neve_meta_enable_content_width":"","neve_meta_content_width":0,"neve_meta_title_alignment":"","neve_meta_author_avatar":"","neve_post_elements_order":"","neve_meta_disable_header":"","neve_meta_disable_footer":"","neve_meta_disable_title":"","_ti_tpc_template_sync":false,"_ti_tpc_template_id":"","_joinchat":[]},"product_cat":[1447],"product_tag":[],"_links":{"self":[{"href":"https:\/\/desguacedemotos.info\/index.php\/wp-json\/wp\/v2\/product\/14601"}],"collection":[{"href":"https:\/\/desguacedemotos.info\/index.php\/wp-json\/wp\/v2\/product"}],"about":[{"href":"https:\/\/desguacedemotos.info\/index.php\/wp-json\/wp\/v2\/types\/product"}],"version-history":[{"count":1,"href":"https:\/\/desguacedemotos.info\/index.php\/wp-json\/wp\/v2\/product\/14601\/revisions"}],"predecessor-version":[{"id":17376,"href":"https:\/\/desguacedemotos.info\/index.php\/wp-json\/wp\/v2\/product\/14601\/revisions\/17376"}],"wp:featuredmedia":[{"embeddable":true,"href":"https:\/\/desguacedemotos.info\/index.php\/wp-json\/wp\/v2\/media\/6131"}],"wp:attachment":[{"href":"https:\/\/desguacedemotos.info\/index.php\/wp-json\/wp\/v2\/media?parent=14601"}],"wp:term":[{"taxonomy":"product_cat","embeddable":true,"href":"https:\/\/desguacedemotos.info\/index.php\/wp-json\/wp\/v2\/product_cat?post=14601"},{"taxonomy":"product_tag","embeddable":true,"href":"https:\/\/desguacedemotos.info\/index.php\/wp-json\/wp\/v2\/product_tag?post=14601"}],"curies":[{"name":"wp","href":"https:\/\/api.w.org\/{rel}","templated":true}]}}