{"id":14636,"date":"2021-04-07T22:29:17","date_gmt":"2021-04-07T22:29:17","guid":{"rendered":"http:\/\/desguacedemotos.info\/index.php\/producto\/suzuki-gs-500\/"},"modified":"2021-04-07T22:29:17","modified_gmt":"2021-04-07T22:29:17","slug":"suzuki-gs-500","status":"publish","type":"product","link":"https:\/\/desguacedemotos.info\/index.php\/producto\/suzuki-gs-500\/","title":{"rendered":"SUZUKI GS 500"},"content":{"rendered":"<p>Motor VENDIDO . horquilla 120 ruedas completas con neum\u00e1ticos nuevos Michelin 150 la pareja chasis documentado 150 marcadores 50 menos 40 unidad completos dep\u00f3sito sin ning\u00fan golpe en buen estado 80 \u20ac sill\u00f3n 40 resto de piezas pregunta. Recambio usado, entrega en mano o env\u00edo a toda Espa\u00f1a. Llamenos de lunes a viernes de 10 a 20 y s\u00e1bados de 10 a 14.<\/p>\n","protected":false},"excerpt":{"rendered":"<p>Motor VENDIDO . horquilla 120 ruedas completas con neum\u00e1ticos nuevos Michelin 150 la pareja chasis documentado 150 marcadores 50 menos 40 unidad completos dep\u00f3sito sin ning\u00fan golpe en buen estado 80 \u20ac sill\u00f3n 40 resto de piezas pregunta. Recambio usado, entrega en mano o env\u00edo a toda Espa\u00f1a. Llamenos de lunes a viernes de 10&hellip;&nbsp;<a href=\"https:\/\/desguacedemotos.info\/index.php\/producto\/suzuki-gs-500\/\" class=\"\" rel=\"bookmark\">Leer m\u00e1s &raquo;<span class=\"screen-reader-text\">SUZUKI GS 500<\/span><\/a><\/p>\n","protected":false},"featured_media":6787,"template":"","meta":{"neve_meta_sidebar":"","neve_meta_container":"","neve_meta_enable_content_width":"","neve_meta_content_width":0,"neve_meta_title_alignment":"","neve_meta_author_avatar":"","neve_post_elements_order":"","neve_meta_disable_header":"","neve_meta_disable_footer":"","neve_meta_disable_title":"","_ti_tpc_template_sync":false,"_ti_tpc_template_id":"","_joinchat":[]},"product_cat":[1450],"product_tag":[],"_links":{"self":[{"href":"https:\/\/desguacedemotos.info\/index.php\/wp-json\/wp\/v2\/product\/14636"}],"collection":[{"href":"https:\/\/desguacedemotos.info\/index.php\/wp-json\/wp\/v2\/product"}],"about":[{"href":"https:\/\/desguacedemotos.info\/index.php\/wp-json\/wp\/v2\/types\/product"}],"version-history":[{"count":0,"href":"https:\/\/desguacedemotos.info\/index.php\/wp-json\/wp\/v2\/product\/14636\/revisions"}],"wp:featuredmedia":[{"embeddable":true,"href":"https:\/\/desguacedemotos.info\/index.php\/wp-json\/wp\/v2\/media\/6787"}],"wp:attachment":[{"href":"https:\/\/desguacedemotos.info\/index.php\/wp-json\/wp\/v2\/media?parent=14636"}],"wp:term":[{"taxonomy":"product_cat","embeddable":true,"href":"https:\/\/desguacedemotos.info\/index.php\/wp-json\/wp\/v2\/product_cat?post=14636"},{"taxonomy":"product_tag","embeddable":true,"href":"https:\/\/desguacedemotos.info\/index.php\/wp-json\/wp\/v2\/product_tag?post=14636"}],"curies":[{"name":"wp","href":"https:\/\/api.w.org\/{rel}","templated":true}]}}