{"id":14639,"date":"2021-04-07T22:29:17","date_gmt":"2021-04-07T22:29:17","guid":{"rendered":"http:\/\/desguacedemotos.info\/index.php\/producto\/despiece-suzuki-gsx-600-f-1989\/"},"modified":"2021-04-07T22:29:17","modified_gmt":"2021-04-07T22:29:17","slug":"despiece-suzuki-gsx-600-f-1989","status":"publish","type":"product","link":"https:\/\/desguacedemotos.info\/index.php\/producto\/despiece-suzuki-gsx-600-f-1989\/","title":{"rendered":"DESPIECE SUZUKI GSX 600 F 1989"},"content":{"rendered":"<p>Dispongo de las piezas que se ven e. Las fotos , rueda trasera en perfecto estado y completa 100 euros, faro delantero 30 , ara\u00f1a 30 , frenos delanteros 50, freno trasero 50, cdi 50, motor de arranque 50 , tapas de carter 20 cada una. Recambio usado, entrega en mano o env\u00edo a toda Espa\u00f1a. Llamenos de lunes a viernes de 10 a 20 y s\u00e1bados de 10 a 14.<\/p>\n","protected":false},"excerpt":{"rendered":"<p>Dispongo de las piezas que se ven e. Las fotos , rueda trasera en perfecto estado y completa 100 euros, faro delantero 30 , ara\u00f1a 30 , frenos delanteros 50, freno trasero 50, cdi 50, motor de arranque 50 , tapas de carter 20 cada una. Recambio usado, entrega en mano o env\u00edo a toda&hellip;&nbsp;<a href=\"https:\/\/desguacedemotos.info\/index.php\/producto\/despiece-suzuki-gsx-600-f-1989\/\" class=\"\" rel=\"bookmark\">Leer m\u00e1s &raquo;<span class=\"screen-reader-text\">DESPIECE SUZUKI GSX 600 F 1989<\/span><\/a><\/p>\n","protected":false},"featured_media":6853,"template":"","meta":{"neve_meta_sidebar":"","neve_meta_container":"","neve_meta_enable_content_width":"","neve_meta_content_width":0,"neve_meta_title_alignment":"","neve_meta_author_avatar":"","neve_post_elements_order":"","neve_meta_disable_header":"","neve_meta_disable_footer":"","neve_meta_disable_title":"","_ti_tpc_template_sync":false,"_ti_tpc_template_id":"","_joinchat":[]},"product_cat":[1447],"product_tag":[],"_links":{"self":[{"href":"https:\/\/desguacedemotos.info\/index.php\/wp-json\/wp\/v2\/product\/14639"}],"collection":[{"href":"https:\/\/desguacedemotos.info\/index.php\/wp-json\/wp\/v2\/product"}],"about":[{"href":"https:\/\/desguacedemotos.info\/index.php\/wp-json\/wp\/v2\/types\/product"}],"version-history":[{"count":0,"href":"https:\/\/desguacedemotos.info\/index.php\/wp-json\/wp\/v2\/product\/14639\/revisions"}],"wp:featuredmedia":[{"embeddable":true,"href":"https:\/\/desguacedemotos.info\/index.php\/wp-json\/wp\/v2\/media\/6853"}],"wp:attachment":[{"href":"https:\/\/desguacedemotos.info\/index.php\/wp-json\/wp\/v2\/media?parent=14639"}],"wp:term":[{"taxonomy":"product_cat","embeddable":true,"href":"https:\/\/desguacedemotos.info\/index.php\/wp-json\/wp\/v2\/product_cat?post=14639"},{"taxonomy":"product_tag","embeddable":true,"href":"https:\/\/desguacedemotos.info\/index.php\/wp-json\/wp\/v2\/product_tag?post=14639"}],"curies":[{"name":"wp","href":"https:\/\/api.w.org\/{rel}","templated":true}]}}