{"id":14743,"date":"2021-04-07T22:33:08","date_gmt":"2021-04-07T22:33:08","guid":{"rendered":"http:\/\/desguacedemotos.info\/index.php\/producto\/triumph-speed-triple-955i\/"},"modified":"2021-04-07T22:33:08","modified_gmt":"2021-04-07T22:33:08","slug":"triumph-speed-triple-955i","status":"publish","type":"product","link":"https:\/\/desguacedemotos.info\/index.php\/producto\/triumph-speed-triple-955i\/","title":{"rendered":"TRIUMPH SPEED TRIPLE 955I"},"content":{"rendered":"<p>Dispongo de las piezas de las fotos portamatr\u00edculas con intermitentes 40 \u20ac topes antica\u00edda 30 \u20ac tija superior sin bomb\u00edn 40 \u20ac cuerpo de inyecci\u00f3n 80 \u20ac ara\u00f1a 30 \u20ac manillar 40 \u20ac mando de luces 20 \u20ac. Recambio usado, entrega en mano o env\u00edo a toda Espa\u00f1a. Llamenos de lunes a viernes de 10 a 20 y s\u00e1bados de 10 a 14.<\/p>\n","protected":false},"excerpt":{"rendered":"<p>Dispongo de las piezas de las fotos portamatr\u00edculas con intermitentes 40 \u20ac topes antica\u00edda 30 \u20ac tija superior sin bomb\u00edn 40 \u20ac cuerpo de inyecci\u00f3n 80 \u20ac ara\u00f1a 30 \u20ac manillar 40 \u20ac mando de luces 20 \u20ac. Recambio usado, entrega en mano o env\u00edo a toda Espa\u00f1a. Llamenos de lunes a viernes de 10&hellip;&nbsp;<a href=\"https:\/\/desguacedemotos.info\/index.php\/producto\/triumph-speed-triple-955i\/\" class=\"\" rel=\"bookmark\">Leer m\u00e1s &raquo;<span class=\"screen-reader-text\">TRIUMPH SPEED TRIPLE 955I<\/span><\/a><\/p>\n","protected":false},"featured_media":5023,"template":"","meta":{"neve_meta_sidebar":"","neve_meta_container":"","neve_meta_enable_content_width":"","neve_meta_content_width":0,"neve_meta_title_alignment":"","neve_meta_author_avatar":"","neve_post_elements_order":"","neve_meta_disable_header":"","neve_meta_disable_footer":"","neve_meta_disable_title":"","_ti_tpc_template_sync":false,"_ti_tpc_template_id":"","_joinchat":[]},"product_cat":[1502],"product_tag":[],"_links":{"self":[{"href":"https:\/\/desguacedemotos.info\/index.php\/wp-json\/wp\/v2\/product\/14743"}],"collection":[{"href":"https:\/\/desguacedemotos.info\/index.php\/wp-json\/wp\/v2\/product"}],"about":[{"href":"https:\/\/desguacedemotos.info\/index.php\/wp-json\/wp\/v2\/types\/product"}],"version-history":[{"count":0,"href":"https:\/\/desguacedemotos.info\/index.php\/wp-json\/wp\/v2\/product\/14743\/revisions"}],"wp:featuredmedia":[{"embeddable":true,"href":"https:\/\/desguacedemotos.info\/index.php\/wp-json\/wp\/v2\/media\/5023"}],"wp:attachment":[{"href":"https:\/\/desguacedemotos.info\/index.php\/wp-json\/wp\/v2\/media?parent=14743"}],"wp:term":[{"taxonomy":"product_cat","embeddable":true,"href":"https:\/\/desguacedemotos.info\/index.php\/wp-json\/wp\/v2\/product_cat?post=14743"},{"taxonomy":"product_tag","embeddable":true,"href":"https:\/\/desguacedemotos.info\/index.php\/wp-json\/wp\/v2\/product_tag?post=14743"}],"curies":[{"name":"wp","href":"https:\/\/api.w.org\/{rel}","templated":true}]}}