{"id":14751,"date":"2021-04-07T22:33:09","date_gmt":"2021-04-07T22:33:09","guid":{"rendered":"http:\/\/desguacedemotos.info\/index.php\/producto\/despiece-triumph-speed-triple-955i\/"},"modified":"2021-04-07T22:33:09","modified_gmt":"2021-04-07T22:33:09","slug":"despiece-triumph-speed-triple-955i","status":"publish","type":"product","link":"https:\/\/desguacedemotos.info\/index.php\/producto\/despiece-triumph-speed-triple-955i\/","title":{"rendered":"DESPIECE TRIUMPH SPEED TRIPLE 955I"},"content":{"rendered":"<p>Dispongo de piezas todas en buen estado de esta moto piloto trasero 30 \u20ac bomba de gasolina 150 \u20ac sillones 30 \u20ac unidad filtro de aire 40 \u20ac centralita 150 \u20ac regulador de corriente 60 \u20ac estriberas traseras 30 \u20ac unidad pl\u00e1sticos negros laterales 15 \u20ac unidad. Recambio usado, entrega en mano o env\u00edo a toda Espa\u00f1a. Llamenos de lunes a viernes de 10 a 20 y s\u00e1bados de 10 a 14.<\/p>\n","protected":false},"excerpt":{"rendered":"<p>Dispongo de piezas todas en buen estado de esta moto piloto trasero 30 \u20ac bomba de gasolina 150 \u20ac sillones 30 \u20ac unidad filtro de aire 40 \u20ac centralita 150 \u20ac regulador de corriente 60 \u20ac estriberas traseras 30 \u20ac unidad pl\u00e1sticos negros laterales 15 \u20ac unidad. Recambio usado, entrega en mano o env\u00edo a&hellip;&nbsp;<a href=\"https:\/\/desguacedemotos.info\/index.php\/producto\/despiece-triumph-speed-triple-955i\/\" class=\"\" rel=\"bookmark\">Leer m\u00e1s &raquo;<span class=\"screen-reader-text\">DESPIECE TRIUMPH SPEED TRIPLE 955I<\/span><\/a><\/p>\n","protected":false},"featured_media":6925,"template":"","meta":{"neve_meta_sidebar":"","neve_meta_container":"","neve_meta_enable_content_width":"","neve_meta_content_width":0,"neve_meta_title_alignment":"","neve_meta_author_avatar":"","neve_post_elements_order":"","neve_meta_disable_header":"","neve_meta_disable_footer":"","neve_meta_disable_title":"","_ti_tpc_template_sync":false,"_ti_tpc_template_id":"","_joinchat":[]},"product_cat":[1502],"product_tag":[],"_links":{"self":[{"href":"https:\/\/desguacedemotos.info\/index.php\/wp-json\/wp\/v2\/product\/14751"}],"collection":[{"href":"https:\/\/desguacedemotos.info\/index.php\/wp-json\/wp\/v2\/product"}],"about":[{"href":"https:\/\/desguacedemotos.info\/index.php\/wp-json\/wp\/v2\/types\/product"}],"version-history":[{"count":0,"href":"https:\/\/desguacedemotos.info\/index.php\/wp-json\/wp\/v2\/product\/14751\/revisions"}],"wp:featuredmedia":[{"embeddable":true,"href":"https:\/\/desguacedemotos.info\/index.php\/wp-json\/wp\/v2\/media\/6925"}],"wp:attachment":[{"href":"https:\/\/desguacedemotos.info\/index.php\/wp-json\/wp\/v2\/media?parent=14751"}],"wp:term":[{"taxonomy":"product_cat","embeddable":true,"href":"https:\/\/desguacedemotos.info\/index.php\/wp-json\/wp\/v2\/product_cat?post=14751"},{"taxonomy":"product_tag","embeddable":true,"href":"https:\/\/desguacedemotos.info\/index.php\/wp-json\/wp\/v2\/product_tag?post=14751"}],"curies":[{"name":"wp","href":"https:\/\/api.w.org\/{rel}","templated":true}]}}