{"id":14757,"date":"2021-04-07T22:33:10","date_gmt":"2021-04-07T22:33:10","guid":{"rendered":"http:\/\/desguacedemotos.info\/index.php\/producto\/triumph-trophy-rueda-delantera\/"},"modified":"2021-04-07T22:33:10","modified_gmt":"2021-04-07T22:33:10","slug":"triumph-trophy-rueda-delantera","status":"publish","type":"product","link":"https:\/\/desguacedemotos.info\/index.php\/producto\/triumph-trophy-rueda-delantera\/","title":{"rendered":"TRIUMPH TROPHY RUEDA DELANTERA"},"content":{"rendered":"<p>Est\u00e1 en buen estado excepto un peque\u00f1o golpe de poca importancia apreciable en la foto 1. Neum\u00e1tico gastado, discos en buen estado. Recambio usado, entrega en mano o env\u00edo a toda Espa\u00f1a. Llamenos de lunes a viernes de 10 a 20 y s\u00e1bados de 10 a 14.<\/p>\n","protected":false},"excerpt":{"rendered":"<p>Est\u00e1 en buen estado excepto un peque\u00f1o golpe de poca importancia apreciable en la foto 1. Neum\u00e1tico gastado, discos en buen estado. Recambio usado, entrega en mano o env\u00edo a toda Espa\u00f1a. Llamenos de lunes a viernes de 10 a 20 y s\u00e1bados de 10 a 14.<\/p>\n","protected":false},"featured_media":8080,"template":"","meta":{"neve_meta_sidebar":"","neve_meta_container":"","neve_meta_enable_content_width":"","neve_meta_content_width":0,"neve_meta_title_alignment":"","neve_meta_author_avatar":"","neve_post_elements_order":"","neve_meta_disable_header":"","neve_meta_disable_footer":"","neve_meta_disable_title":"","_ti_tpc_template_sync":false,"_ti_tpc_template_id":"","_joinchat":[]},"product_cat":[1503],"product_tag":[],"_links":{"self":[{"href":"https:\/\/desguacedemotos.info\/index.php\/wp-json\/wp\/v2\/product\/14757"}],"collection":[{"href":"https:\/\/desguacedemotos.info\/index.php\/wp-json\/wp\/v2\/product"}],"about":[{"href":"https:\/\/desguacedemotos.info\/index.php\/wp-json\/wp\/v2\/types\/product"}],"version-history":[{"count":0,"href":"https:\/\/desguacedemotos.info\/index.php\/wp-json\/wp\/v2\/product\/14757\/revisions"}],"wp:featuredmedia":[{"embeddable":true,"href":"https:\/\/desguacedemotos.info\/index.php\/wp-json\/wp\/v2\/media\/8080"}],"wp:attachment":[{"href":"https:\/\/desguacedemotos.info\/index.php\/wp-json\/wp\/v2\/media?parent=14757"}],"wp:term":[{"taxonomy":"product_cat","embeddable":true,"href":"https:\/\/desguacedemotos.info\/index.php\/wp-json\/wp\/v2\/product_cat?post=14757"},{"taxonomy":"product_tag","embeddable":true,"href":"https:\/\/desguacedemotos.info\/index.php\/wp-json\/wp\/v2\/product_tag?post=14757"}],"curies":[{"name":"wp","href":"https:\/\/api.w.org\/{rel}","templated":true}]}}