{"id":14794,"date":"2021-04-07T22:35:43","date_gmt":"2021-04-07T22:35:43","guid":{"rendered":"http:\/\/desguacedemotos.info\/index.php\/producto\/colectores-escape-yamaha-fazer-fz6-2006\/"},"modified":"2021-04-07T22:35:43","modified_gmt":"2021-04-07T22:35:43","slug":"colectores-escape-yamaha-fazer-fz6-2006","status":"publish","type":"product","link":"https:\/\/desguacedemotos.info\/index.php\/producto\/colectores-escape-yamaha-fazer-fz6-2006\/","title":{"rendered":"colectores escape yamaha fazer fz6 2006"},"content":{"rendered":"<p>recambio original usado en buen estado entrega en mano o env\u00edo a toda Espa\u00f1a moto recambios Vid\u00e1n 6152 13587 desguacedemotos. info<\/p>\n","protected":false},"excerpt":{"rendered":"<p>recambio original usado en buen estado entrega en mano o env\u00edo a toda Espa\u00f1a moto recambios Vid\u00e1n 6152 13587 desguacedemotos. info<\/p>\n","protected":false},"featured_media":1185,"template":"","meta":{"neve_meta_sidebar":"","neve_meta_container":"","neve_meta_enable_content_width":"","neve_meta_content_width":0,"neve_meta_title_alignment":"","neve_meta_author_avatar":"","neve_post_elements_order":"","neve_meta_disable_header":"","neve_meta_disable_footer":"","neve_meta_disable_title":"","_ti_tpc_template_sync":false,"_ti_tpc_template_id":"","_joinchat":[]},"product_cat":[1514],"product_tag":[],"_links":{"self":[{"href":"https:\/\/desguacedemotos.info\/index.php\/wp-json\/wp\/v2\/product\/14794"}],"collection":[{"href":"https:\/\/desguacedemotos.info\/index.php\/wp-json\/wp\/v2\/product"}],"about":[{"href":"https:\/\/desguacedemotos.info\/index.php\/wp-json\/wp\/v2\/types\/product"}],"version-history":[{"count":0,"href":"https:\/\/desguacedemotos.info\/index.php\/wp-json\/wp\/v2\/product\/14794\/revisions"}],"wp:featuredmedia":[{"embeddable":true,"href":"https:\/\/desguacedemotos.info\/index.php\/wp-json\/wp\/v2\/media\/1185"}],"wp:attachment":[{"href":"https:\/\/desguacedemotos.info\/index.php\/wp-json\/wp\/v2\/media?parent=14794"}],"wp:term":[{"taxonomy":"product_cat","embeddable":true,"href":"https:\/\/desguacedemotos.info\/index.php\/wp-json\/wp\/v2\/product_cat?post=14794"},{"taxonomy":"product_tag","embeddable":true,"href":"https:\/\/desguacedemotos.info\/index.php\/wp-json\/wp\/v2\/product_tag?post=14794"}],"curies":[{"name":"wp","href":"https:\/\/api.w.org\/{rel}","templated":true}]}}