{"id":14800,"date":"2021-04-07T22:35:44","date_gmt":"2021-04-07T22:35:44","guid":{"rendered":"http:\/\/desguacedemotos.info\/index.php\/producto\/stator-encendido-yamaha-tmax-500-2008\/"},"modified":"2021-04-07T22:35:44","modified_gmt":"2021-04-07T22:35:44","slug":"stator-encendido-yamaha-tmax-500-2008","status":"publish","type":"product","link":"https:\/\/desguacedemotos.info\/index.php\/producto\/stator-encendido-yamaha-tmax-500-2008\/","title":{"rendered":"stator encendido yamaha tmax 500 2008"},"content":{"rendered":"<p>Recambio original en buen estado entrega en mano o env\u00edo a toda Espa\u00f1a 615 213 587 moto recambios Vid\u00e1n<\/p>\n","protected":false},"excerpt":{"rendered":"<p>Recambio original en buen estado entrega en mano o env\u00edo a toda Espa\u00f1a 615 213 587 moto recambios Vid\u00e1n<\/p>\n","protected":false},"featured_media":1343,"template":"","meta":{"neve_meta_sidebar":"","neve_meta_container":"","neve_meta_enable_content_width":"","neve_meta_content_width":0,"neve_meta_title_alignment":"","neve_meta_author_avatar":"","neve_post_elements_order":"","neve_meta_disable_header":"","neve_meta_disable_footer":"","neve_meta_disable_title":"","_ti_tpc_template_sync":false,"_ti_tpc_template_id":"","_joinchat":[]},"product_cat":[1521],"product_tag":[],"_links":{"self":[{"href":"https:\/\/desguacedemotos.info\/index.php\/wp-json\/wp\/v2\/product\/14800"}],"collection":[{"href":"https:\/\/desguacedemotos.info\/index.php\/wp-json\/wp\/v2\/product"}],"about":[{"href":"https:\/\/desguacedemotos.info\/index.php\/wp-json\/wp\/v2\/types\/product"}],"version-history":[{"count":0,"href":"https:\/\/desguacedemotos.info\/index.php\/wp-json\/wp\/v2\/product\/14800\/revisions"}],"wp:featuredmedia":[{"embeddable":true,"href":"https:\/\/desguacedemotos.info\/index.php\/wp-json\/wp\/v2\/media\/1343"}],"wp:attachment":[{"href":"https:\/\/desguacedemotos.info\/index.php\/wp-json\/wp\/v2\/media?parent=14800"}],"wp:term":[{"taxonomy":"product_cat","embeddable":true,"href":"https:\/\/desguacedemotos.info\/index.php\/wp-json\/wp\/v2\/product_cat?post=14800"},{"taxonomy":"product_tag","embeddable":true,"href":"https:\/\/desguacedemotos.info\/index.php\/wp-json\/wp\/v2\/product_tag?post=14800"}],"curies":[{"name":"wp","href":"https:\/\/api.w.org\/{rel}","templated":true}]}}