{"id":14804,"date":"2021-04-07T22:35:45","date_gmt":"2021-04-07T22:35:45","guid":{"rendered":"http:\/\/desguacedemotos.info\/index.php\/producto\/encendido-stator-yamaha-fz6-fazer-r6-2005\/"},"modified":"2021-04-07T22:35:45","modified_gmt":"2021-04-07T22:35:45","slug":"encendido-stator-yamaha-fz6-fazer-r6-2005","status":"publish","type":"product","link":"https:\/\/desguacedemotos.info\/index.php\/producto\/encendido-stator-yamaha-fz6-fazer-r6-2005\/","title":{"rendered":"encend\u00eddo stator Yamaha fz6 fazer R6 2005"},"content":{"rendered":"<p>Perfecto estado, revisado, entrega en mano o env\u00edo a toda espa\u00f1a. Moto recambios Vidan 615213587<\/p>\n","protected":false},"excerpt":{"rendered":"<p>Perfecto estado, revisado, entrega en mano o env\u00edo a toda espa\u00f1a. Moto recambios Vidan 615213587<\/p>\n","protected":false},"featured_media":1440,"template":"","meta":{"neve_meta_sidebar":"","neve_meta_container":"","neve_meta_enable_content_width":"","neve_meta_content_width":0,"neve_meta_title_alignment":"","neve_meta_author_avatar":"","neve_post_elements_order":"","neve_meta_disable_header":"","neve_meta_disable_footer":"","neve_meta_disable_title":"","_ti_tpc_template_sync":false,"_ti_tpc_template_id":"","_joinchat":[]},"product_cat":[1514],"product_tag":[],"_links":{"self":[{"href":"https:\/\/desguacedemotos.info\/index.php\/wp-json\/wp\/v2\/product\/14804"}],"collection":[{"href":"https:\/\/desguacedemotos.info\/index.php\/wp-json\/wp\/v2\/product"}],"about":[{"href":"https:\/\/desguacedemotos.info\/index.php\/wp-json\/wp\/v2\/types\/product"}],"version-history":[{"count":0,"href":"https:\/\/desguacedemotos.info\/index.php\/wp-json\/wp\/v2\/product\/14804\/revisions"}],"wp:featuredmedia":[{"embeddable":true,"href":"https:\/\/desguacedemotos.info\/index.php\/wp-json\/wp\/v2\/media\/1440"}],"wp:attachment":[{"href":"https:\/\/desguacedemotos.info\/index.php\/wp-json\/wp\/v2\/media?parent=14804"}],"wp:term":[{"taxonomy":"product_cat","embeddable":true,"href":"https:\/\/desguacedemotos.info\/index.php\/wp-json\/wp\/v2\/product_cat?post=14804"},{"taxonomy":"product_tag","embeddable":true,"href":"https:\/\/desguacedemotos.info\/index.php\/wp-json\/wp\/v2\/product_tag?post=14804"}],"curies":[{"name":"wp","href":"https:\/\/api.w.org\/{rel}","templated":true}]}}