{"id":14814,"date":"2021-04-07T22:35:47","date_gmt":"2021-04-07T22:35:47","guid":{"rendered":"http:\/\/desguacedemotos.info\/index.php\/producto\/frontal-tamaha-xmax-250-2006\/"},"modified":"2021-04-07T22:35:47","modified_gmt":"2021-04-07T22:35:47","slug":"frontal-tamaha-xmax-250-2006","status":"publish","type":"product","link":"https:\/\/desguacedemotos.info\/index.php\/producto\/frontal-tamaha-xmax-250-2006\/","title":{"rendered":"frontal tamaha xmax 250 2006"},"content":{"rendered":"<p>Est\u00e1 en buenas condiciones entrega en mano o env\u00edo a toda Espa\u00f1a moto recambios Vid\u00e1n 61521 3587<\/p>\n","protected":false},"excerpt":{"rendered":"<p>Est\u00e1 en buenas condiciones entrega en mano o env\u00edo a toda Espa\u00f1a moto recambios Vid\u00e1n 61521 3587<\/p>\n","protected":false},"featured_media":1763,"template":"","meta":{"neve_meta_sidebar":"","neve_meta_container":"","neve_meta_enable_content_width":"","neve_meta_content_width":0,"neve_meta_title_alignment":"","neve_meta_author_avatar":"","neve_post_elements_order":"","neve_meta_disable_header":"","neve_meta_disable_footer":"","neve_meta_disable_title":"","_ti_tpc_template_sync":false,"_ti_tpc_template_id":"","_joinchat":[]},"product_cat":[1535],"product_tag":[],"_links":{"self":[{"href":"https:\/\/desguacedemotos.info\/index.php\/wp-json\/wp\/v2\/product\/14814"}],"collection":[{"href":"https:\/\/desguacedemotos.info\/index.php\/wp-json\/wp\/v2\/product"}],"about":[{"href":"https:\/\/desguacedemotos.info\/index.php\/wp-json\/wp\/v2\/types\/product"}],"version-history":[{"count":0,"href":"https:\/\/desguacedemotos.info\/index.php\/wp-json\/wp\/v2\/product\/14814\/revisions"}],"wp:featuredmedia":[{"embeddable":true,"href":"https:\/\/desguacedemotos.info\/index.php\/wp-json\/wp\/v2\/media\/1763"}],"wp:attachment":[{"href":"https:\/\/desguacedemotos.info\/index.php\/wp-json\/wp\/v2\/media?parent=14814"}],"wp:term":[{"taxonomy":"product_cat","embeddable":true,"href":"https:\/\/desguacedemotos.info\/index.php\/wp-json\/wp\/v2\/product_cat?post=14814"},{"taxonomy":"product_tag","embeddable":true,"href":"https:\/\/desguacedemotos.info\/index.php\/wp-json\/wp\/v2\/product_tag?post=14814"}],"curies":[{"name":"wp","href":"https:\/\/api.w.org\/{rel}","templated":true}]}}