{"id":14819,"date":"2021-04-07T22:35:47","date_gmt":"2021-04-07T22:35:47","guid":{"rendered":"http:\/\/desguacedemotos.info\/index.php\/producto\/despiece-yamaha-xmax-250i\/"},"modified":"2022-03-26T06:37:35","modified_gmt":"2022-03-26T06:37:35","slug":"despiece-yamaha-xmax-250i","status":"publish","type":"product","link":"https:\/\/desguacedemotos.info\/index.php\/producto\/despiece-yamaha-xmax-250i\/","title":{"rendered":"despiece Yamaha Xmax 250i"},"content":{"rendered":"<p>A\u00f1o 2006 se vende despiece de esta moto chasis documentado motor por partes no se vende completo cuerpo de inyecci\u00f3n motor de arranque culata horquilla frontal faro piloto trasero tubo de escape cuadro de instrumentos portamatr\u00edculas ruedas estator reenv\u00edo instalaci\u00f3n el\u00e9ctrica etc bombines ya vendidos preguntar precios al 615 213 587. moto recambios vidan<\/p>\n","protected":false},"excerpt":{"rendered":"<p>A\u00f1o 2006 se vende despiece de esta moto chasis documentado motor por partes no se vende completo cuerpo de inyecci\u00f3n motor de arranque culata horquilla frontal faro piloto trasero tubo de escape cuadro de instrumentos portamatr\u00edculas ruedas estator reenv\u00edo instalaci\u00f3n el\u00e9ctrica etc bombines ya vendidos preguntar precios al 615 213 587. moto recambios vidan<\/p>\n","protected":false},"featured_media":1871,"template":"","meta":{"neve_meta_sidebar":"","neve_meta_container":"","neve_meta_enable_content_width":"","neve_meta_content_width":0,"neve_meta_title_alignment":"","neve_meta_author_avatar":"","neve_post_elements_order":"","neve_meta_disable_header":"","neve_meta_disable_footer":"","neve_meta_disable_title":"","_ti_tpc_template_sync":false,"_ti_tpc_template_id":"","_joinchat":[]},"product_cat":[1535],"product_tag":[],"_links":{"self":[{"href":"https:\/\/desguacedemotos.info\/index.php\/wp-json\/wp\/v2\/product\/14819"}],"collection":[{"href":"https:\/\/desguacedemotos.info\/index.php\/wp-json\/wp\/v2\/product"}],"about":[{"href":"https:\/\/desguacedemotos.info\/index.php\/wp-json\/wp\/v2\/types\/product"}],"version-history":[{"count":0,"href":"https:\/\/desguacedemotos.info\/index.php\/wp-json\/wp\/v2\/product\/14819\/revisions"}],"wp:featuredmedia":[{"embeddable":true,"href":"https:\/\/desguacedemotos.info\/index.php\/wp-json\/wp\/v2\/media\/1871"}],"wp:attachment":[{"href":"https:\/\/desguacedemotos.info\/index.php\/wp-json\/wp\/v2\/media?parent=14819"}],"wp:term":[{"taxonomy":"product_cat","embeddable":true,"href":"https:\/\/desguacedemotos.info\/index.php\/wp-json\/wp\/v2\/product_cat?post=14819"},{"taxonomy":"product_tag","embeddable":true,"href":"https:\/\/desguacedemotos.info\/index.php\/wp-json\/wp\/v2\/product_tag?post=14819"}],"curies":[{"name":"wp","href":"https:\/\/api.w.org\/{rel}","templated":true}]}}