{"id":15395,"date":"2021-04-07T22:37:52","date_gmt":"2021-04-07T22:37:52","guid":{"rendered":"http:\/\/desguacedemotos.info\/index.php\/producto\/deposito-yamaha-xvs-virago-250\/"},"modified":"2021-04-07T22:37:52","modified_gmt":"2021-04-07T22:37:52","slug":"deposito-yamaha-xvs-virago-250","status":"publish","type":"product","link":"https:\/\/desguacedemotos.info\/index.php\/producto\/deposito-yamaha-xvs-virago-250\/","title":{"rendered":"DEP\u00d3SITO YAMAHA XVS VIRAGO 250"},"content":{"rendered":"<p>Est\u00e1 como nuevo, solo necesita una mano de Pintura debido a Que se se dej\u00f3 del, rev\u00e9s con gasolina y se levant\u00f3 la pintura que se ve en la foto.<\/p>\n","protected":false},"excerpt":{"rendered":"<p>Est\u00e1 como nuevo, solo necesita una mano de Pintura debido a Que se se dej\u00f3 del, rev\u00e9s con gasolina y se levant\u00f3 la pintura que se ve en la foto.<\/p>\n","protected":false},"featured_media":6921,"template":"","meta":{"neve_meta_sidebar":"","neve_meta_container":"","neve_meta_enable_content_width":"","neve_meta_content_width":0,"neve_meta_title_alignment":"","neve_meta_author_avatar":"","neve_post_elements_order":"","neve_meta_disable_header":"","neve_meta_disable_footer":"","neve_meta_disable_title":"","_ti_tpc_template_sync":false,"_ti_tpc_template_id":"","_joinchat":[]},"product_cat":[1538],"product_tag":[],"_links":{"self":[{"href":"https:\/\/desguacedemotos.info\/index.php\/wp-json\/wp\/v2\/product\/15395"}],"collection":[{"href":"https:\/\/desguacedemotos.info\/index.php\/wp-json\/wp\/v2\/product"}],"about":[{"href":"https:\/\/desguacedemotos.info\/index.php\/wp-json\/wp\/v2\/types\/product"}],"version-history":[{"count":0,"href":"https:\/\/desguacedemotos.info\/index.php\/wp-json\/wp\/v2\/product\/15395\/revisions"}],"wp:featuredmedia":[{"embeddable":true,"href":"https:\/\/desguacedemotos.info\/index.php\/wp-json\/wp\/v2\/media\/6921"}],"wp:attachment":[{"href":"https:\/\/desguacedemotos.info\/index.php\/wp-json\/wp\/v2\/media?parent=15395"}],"wp:term":[{"taxonomy":"product_cat","embeddable":true,"href":"https:\/\/desguacedemotos.info\/index.php\/wp-json\/wp\/v2\/product_cat?post=15395"},{"taxonomy":"product_tag","embeddable":true,"href":"https:\/\/desguacedemotos.info\/index.php\/wp-json\/wp\/v2\/product_tag?post=15395"}],"curies":[{"name":"wp","href":"https:\/\/api.w.org\/{rel}","templated":true}]}}