{"id":15612,"date":"2021-04-07T22:39:50","date_gmt":"2021-04-07T22:39:50","guid":{"rendered":"http:\/\/desguacedemotos.info\/index.php\/producto\/ciguenal-y-viela-hebo-racing\/"},"modified":"2021-04-07T22:39:50","modified_gmt":"2021-04-07T22:39:50","slug":"ciguenal-y-viela-hebo-racing","status":"publish","type":"product","link":"https:\/\/desguacedemotos.info\/index.php\/producto\/ciguenal-y-viela-hebo-racing\/","title":{"rendered":"CIGUE\u00d1AL Y VIELA HEBO RACING"},"content":{"rendered":"<p>Vendo bloque que lleva cig\u00fce\u00f1al y biela Evo embrague de serie y encendido de serie el precio son 100 \u20ac por \u00e9l cig\u00fce\u00f1al y la biela lo dem\u00e1s va de regalo. Recambio usado, entrega en mano o env\u00edo a toda Espa\u00f1a. Llamenos de lunes a viernes de 10 a 20 y s\u00e1bados de 10 a 14.<\/p>\n","protected":false},"excerpt":{"rendered":"<p>Vendo bloque que lleva cig\u00fce\u00f1al y biela Evo embrague de serie y encendido de serie el precio son 100 \u20ac por \u00e9l cig\u00fce\u00f1al y la biela lo dem\u00e1s va de regalo. Recambio usado, entrega en mano o env\u00edo a toda Espa\u00f1a. Llamenos de lunes a viernes de 10 a 20 y s\u00e1bados de 10 a&hellip;&nbsp;<a href=\"https:\/\/desguacedemotos.info\/index.php\/producto\/ciguenal-y-viela-hebo-racing\/\" class=\"\" rel=\"bookmark\">Leer m\u00e1s &raquo;<span class=\"screen-reader-text\">CIGUE\u00d1AL Y VIELA HEBO RACING<\/span><\/a><\/p>\n","protected":false},"featured_media":5501,"template":"","meta":{"neve_meta_sidebar":"","neve_meta_container":"","neve_meta_enable_content_width":"","neve_meta_content_width":0,"neve_meta_title_alignment":"","neve_meta_author_avatar":"","neve_post_elements_order":"","neve_meta_disable_header":"","neve_meta_disable_footer":"","neve_meta_disable_title":"","_ti_tpc_template_sync":false,"_ti_tpc_template_id":"","_joinchat":[]},"product_cat":[1579],"product_tag":[],"_links":{"self":[{"href":"https:\/\/desguacedemotos.info\/index.php\/wp-json\/wp\/v2\/product\/15612"}],"collection":[{"href":"https:\/\/desguacedemotos.info\/index.php\/wp-json\/wp\/v2\/product"}],"about":[{"href":"https:\/\/desguacedemotos.info\/index.php\/wp-json\/wp\/v2\/types\/product"}],"version-history":[{"count":0,"href":"https:\/\/desguacedemotos.info\/index.php\/wp-json\/wp\/v2\/product\/15612\/revisions"}],"wp:featuredmedia":[{"embeddable":true,"href":"https:\/\/desguacedemotos.info\/index.php\/wp-json\/wp\/v2\/media\/5501"}],"wp:attachment":[{"href":"https:\/\/desguacedemotos.info\/index.php\/wp-json\/wp\/v2\/media?parent=15612"}],"wp:term":[{"taxonomy":"product_cat","embeddable":true,"href":"https:\/\/desguacedemotos.info\/index.php\/wp-json\/wp\/v2\/product_cat?post=15612"},{"taxonomy":"product_tag","embeddable":true,"href":"https:\/\/desguacedemotos.info\/index.php\/wp-json\/wp\/v2\/product_tag?post=15612"}],"curies":[{"name":"wp","href":"https:\/\/api.w.org\/{rel}","templated":true}]}}