{"id":16819,"date":"2021-04-08T21:55:12","date_gmt":"2021-04-08T21:55:12","guid":{"rendered":"http:\/\/desguacedemotos.info\/index.php\/producto\/silencioso-escape-honda-vtr-1000-01\/"},"modified":"2021-04-08T21:55:12","modified_gmt":"2021-04-08T21:55:12","slug":"silencioso-escape-honda-vtr-1000-01","status":"publish","type":"product","link":"https:\/\/desguacedemotos.info\/index.php\/producto\/silencioso-escape-honda-vtr-1000-01\/","title":{"rendered":"silencioso escape honda vtr 1000 01"},"content":{"rendered":"<p>Recambio original usado en buen estado entrega en mano o env\u00edo a toda Espa\u00f1a moto recambios Vid\u00e1n 6152 13587 desguacedemotos. info<\/p>\n","protected":false},"excerpt":{"rendered":"<p>Recambio original usado en buen estado entrega en mano o env\u00edo a toda Espa\u00f1a moto recambios Vid\u00e1n 6152 13587 desguacedemotos. info<\/p>\n","protected":false},"featured_media":1228,"template":"","meta":{"neve_meta_sidebar":"","neve_meta_container":"","neve_meta_enable_content_width":"","neve_meta_content_width":0,"neve_meta_title_alignment":"","neve_meta_author_avatar":"","neve_post_elements_order":"","neve_meta_disable_header":"","neve_meta_disable_footer":"","neve_meta_disable_title":"","_ti_tpc_template_sync":false,"_ti_tpc_template_id":"","_joinchat":[]},"product_cat":[1268],"product_tag":[],"_links":{"self":[{"href":"https:\/\/desguacedemotos.info\/index.php\/wp-json\/wp\/v2\/product\/16819"}],"collection":[{"href":"https:\/\/desguacedemotos.info\/index.php\/wp-json\/wp\/v2\/product"}],"about":[{"href":"https:\/\/desguacedemotos.info\/index.php\/wp-json\/wp\/v2\/types\/product"}],"version-history":[{"count":0,"href":"https:\/\/desguacedemotos.info\/index.php\/wp-json\/wp\/v2\/product\/16819\/revisions"}],"wp:featuredmedia":[{"embeddable":true,"href":"https:\/\/desguacedemotos.info\/index.php\/wp-json\/wp\/v2\/media\/1228"}],"wp:attachment":[{"href":"https:\/\/desguacedemotos.info\/index.php\/wp-json\/wp\/v2\/media?parent=16819"}],"wp:term":[{"taxonomy":"product_cat","embeddable":true,"href":"https:\/\/desguacedemotos.info\/index.php\/wp-json\/wp\/v2\/product_cat?post=16819"},{"taxonomy":"product_tag","embeddable":true,"href":"https:\/\/desguacedemotos.info\/index.php\/wp-json\/wp\/v2\/product_tag?post=16819"}],"curies":[{"name":"wp","href":"https:\/\/api.w.org\/{rel}","templated":true}]}}