{"id":16888,"date":"2021-04-08T21:55:26","date_gmt":"2021-04-08T21:55:26","guid":{"rendered":"http:\/\/desguacedemotos.info\/index.php\/producto\/embrague-hidraulico-y-pinon-cbr-1000-f-09\/"},"modified":"2021-04-08T21:55:26","modified_gmt":"2021-04-08T21:55:26","slug":"embrague-hidraulico-y-pinon-cbr-1000-f-09","status":"publish","type":"product","link":"https:\/\/desguacedemotos.info\/index.php\/producto\/embrague-hidraulico-y-pinon-cbr-1000-f-09\/","title":{"rendered":"EMBRAGUE HIDR\u00c1ULICO Y PI\u00d1\u00d3N CBR 1000 F 09"},"content":{"rendered":"<p>Se vende tapa de pi\u00f1\u00f3n y bomba hidr\u00e1ulica de embrague de honda cbr 1000 F 1992. Recambio usado, entrega en mano o env\u00edo a toda Espa\u00f1a. Llamenos de lunes a viernes de 10 a 20 y s\u00e1bados de 10 a 14.<\/p>\n","protected":false},"excerpt":{"rendered":"<p>Se vende tapa de pi\u00f1\u00f3n y bomba hidr\u00e1ulica de embrague de honda cbr 1000 F 1992. Recambio usado, entrega en mano o env\u00edo a toda Espa\u00f1a. Llamenos de lunes a viernes de 10 a 20 y s\u00e1bados de 10 a 14.<\/p>\n","protected":false},"featured_media":3041,"template":"","meta":{"neve_meta_sidebar":"","neve_meta_container":"","neve_meta_enable_content_width":"","neve_meta_content_width":0,"neve_meta_title_alignment":"","neve_meta_author_avatar":"","neve_post_elements_order":"","neve_meta_disable_header":"","neve_meta_disable_footer":"","neve_meta_disable_title":"","_ti_tpc_template_sync":false,"_ti_tpc_template_id":"","_joinchat":[]},"product_cat":[1285],"product_tag":[],"_links":{"self":[{"href":"https:\/\/desguacedemotos.info\/index.php\/wp-json\/wp\/v2\/product\/16888"}],"collection":[{"href":"https:\/\/desguacedemotos.info\/index.php\/wp-json\/wp\/v2\/product"}],"about":[{"href":"https:\/\/desguacedemotos.info\/index.php\/wp-json\/wp\/v2\/types\/product"}],"version-history":[{"count":0,"href":"https:\/\/desguacedemotos.info\/index.php\/wp-json\/wp\/v2\/product\/16888\/revisions"}],"wp:featuredmedia":[{"embeddable":true,"href":"https:\/\/desguacedemotos.info\/index.php\/wp-json\/wp\/v2\/media\/3041"}],"wp:attachment":[{"href":"https:\/\/desguacedemotos.info\/index.php\/wp-json\/wp\/v2\/media?parent=16888"}],"wp:term":[{"taxonomy":"product_cat","embeddable":true,"href":"https:\/\/desguacedemotos.info\/index.php\/wp-json\/wp\/v2\/product_cat?post=16888"},{"taxonomy":"product_tag","embeddable":true,"href":"https:\/\/desguacedemotos.info\/index.php\/wp-json\/wp\/v2\/product_tag?post=16888"}],"curies":[{"name":"wp","href":"https:\/\/api.w.org\/{rel}","templated":true}]}}