{"id":17068,"date":"2021-04-08T21:56:11","date_gmt":"2021-04-08T21:56:11","guid":{"rendered":"http:\/\/desguacedemotos.info\/index.php\/producto\/despiece-honda-cbr-600f-1991\/"},"modified":"2021-04-08T21:56:11","modified_gmt":"2021-04-08T21:56:11","slug":"despiece-honda-cbr-600f-1991","status":"publish","type":"product","link":"https:\/\/desguacedemotos.info\/index.php\/producto\/despiece-honda-cbr-600f-1991\/","title":{"rendered":"DESPIECE HONDA CBR 600F 1991"},"content":{"rendered":"<p>NO TENGO ESCAPE ORIGINAL . Dispongo de las piezas que se ven las fotos, amortiguador 50 \u20ac radiador 30 \u20ac electroventilador 30 \u20ac ara\u00f1a 40 \u20ac bater\u00eda de carburadores 100 \u20ac bobinas de altas 40 \u20ac unidad regulador de corriente 40 \u20ac marcadores 80 \u20ac motor completo en buen estado 300 \u20ac el dep\u00f3sito est\u00e1 en perfecto estado est\u00e9tico y no tiene picados externos pero por dentro est\u00e1 oxidado por eso el precio 50 \u20ac. Recambio usado, entrega en mano o env\u00edo a toda Espa\u00f1a. Llamenos de lunes a viernes de 10 a 20 y s\u00e1bados de 10 a 14.<\/p>\n","protected":false},"excerpt":{"rendered":"<p>NO TENGO ESCAPE ORIGINAL . Dispongo de las piezas que se ven las fotos, amortiguador 50 \u20ac radiador 30 \u20ac electroventilador 30 \u20ac ara\u00f1a 40 \u20ac bater\u00eda de carburadores 100 \u20ac bobinas de altas 40 \u20ac unidad regulador de corriente 40 \u20ac marcadores 80 \u20ac motor completo en buen estado 300 \u20ac el dep\u00f3sito est\u00e1&hellip;&nbsp;<a href=\"https:\/\/desguacedemotos.info\/index.php\/producto\/despiece-honda-cbr-600f-1991\/\" class=\"\" rel=\"bookmark\">Leer m\u00e1s &raquo;<span class=\"screen-reader-text\">DESPIECE HONDA CBR 600F 1991<\/span><\/a><\/p>\n","protected":false},"featured_media":6617,"template":"","meta":{"neve_meta_sidebar":"","neve_meta_container":"","neve_meta_enable_content_width":"","neve_meta_content_width":0,"neve_meta_title_alignment":"","neve_meta_author_avatar":"","neve_post_elements_order":"","neve_meta_disable_header":"","neve_meta_disable_footer":"","neve_meta_disable_title":"","_ti_tpc_template_sync":false,"_ti_tpc_template_id":"","_joinchat":[]},"product_cat":[1269],"product_tag":[],"_links":{"self":[{"href":"https:\/\/desguacedemotos.info\/index.php\/wp-json\/wp\/v2\/product\/17068"}],"collection":[{"href":"https:\/\/desguacedemotos.info\/index.php\/wp-json\/wp\/v2\/product"}],"about":[{"href":"https:\/\/desguacedemotos.info\/index.php\/wp-json\/wp\/v2\/types\/product"}],"version-history":[{"count":0,"href":"https:\/\/desguacedemotos.info\/index.php\/wp-json\/wp\/v2\/product\/17068\/revisions"}],"wp:featuredmedia":[{"embeddable":true,"href":"https:\/\/desguacedemotos.info\/index.php\/wp-json\/wp\/v2\/media\/6617"}],"wp:attachment":[{"href":"https:\/\/desguacedemotos.info\/index.php\/wp-json\/wp\/v2\/media?parent=17068"}],"wp:term":[{"taxonomy":"product_cat","embeddable":true,"href":"https:\/\/desguacedemotos.info\/index.php\/wp-json\/wp\/v2\/product_cat?post=17068"},{"taxonomy":"product_tag","embeddable":true,"href":"https:\/\/desguacedemotos.info\/index.php\/wp-json\/wp\/v2\/product_tag?post=17068"}],"curies":[{"name":"wp","href":"https:\/\/api.w.org\/{rel}","templated":true}]}}