{"id":17132,"date":"2021-04-08T21:56:26","date_gmt":"2021-04-08T21:56:26","guid":{"rendered":"http:\/\/desguacedemotos.info\/index.php\/producto\/despiece-honda-cbr-600-f-1991\/"},"modified":"2021-04-08T21:56:26","modified_gmt":"2021-04-08T21:56:26","slug":"despiece-honda-cbr-600-f-1991","status":"publish","type":"product","link":"https:\/\/desguacedemotos.info\/index.php\/producto\/despiece-honda-cbr-600-f-1991\/","title":{"rendered":"DESPIECE HONDA CBR 600 F 1991"},"content":{"rendered":"<p>Dispongo de las piezas que se ven en las fotos tubo de escape marca Marvin ( no es de serie )100 \u20ac colectores 70 \u20ac caballete central 30 \u20ac jol\u00edn hecho de fibra de vidrio 40 \u20ac sill\u00f3n 40 \u20ac retrovisores 40 \u20ac la pareja ruedas 100 \u20ac unidad completas con goma en perfecto estado horquilla 150 \u20ac. Recambio usado, entrega en mano o env\u00edo a toda Espa\u00f1a. Llamenos de lunes a viernes de 10 a 20 y s\u00e1bados de 10 a 14.<\/p>\n","protected":false},"excerpt":{"rendered":"<p>Dispongo de las piezas que se ven en las fotos tubo de escape marca Marvin ( no es de serie )100 \u20ac colectores 70 \u20ac caballete central 30 \u20ac jol\u00edn hecho de fibra de vidrio 40 \u20ac sill\u00f3n 40 \u20ac retrovisores 40 \u20ac la pareja ruedas 100 \u20ac unidad completas con goma en perfecto estado&hellip;&nbsp;<a href=\"https:\/\/desguacedemotos.info\/index.php\/producto\/despiece-honda-cbr-600-f-1991\/\" class=\"\" rel=\"bookmark\">Leer m\u00e1s &raquo;<span class=\"screen-reader-text\">DESPIECE HONDA CBR 600 F 1991<\/span><\/a><\/p>\n","protected":false},"featured_media":7754,"template":"","meta":{"neve_meta_sidebar":"","neve_meta_container":"","neve_meta_enable_content_width":"","neve_meta_content_width":0,"neve_meta_title_alignment":"","neve_meta_author_avatar":"","neve_post_elements_order":"","neve_meta_disable_header":"","neve_meta_disable_footer":"","neve_meta_disable_title":"","_ti_tpc_template_sync":false,"_ti_tpc_template_id":"","_joinchat":[]},"product_cat":[1269],"product_tag":[],"_links":{"self":[{"href":"https:\/\/desguacedemotos.info\/index.php\/wp-json\/wp\/v2\/product\/17132"}],"collection":[{"href":"https:\/\/desguacedemotos.info\/index.php\/wp-json\/wp\/v2\/product"}],"about":[{"href":"https:\/\/desguacedemotos.info\/index.php\/wp-json\/wp\/v2\/types\/product"}],"version-history":[{"count":0,"href":"https:\/\/desguacedemotos.info\/index.php\/wp-json\/wp\/v2\/product\/17132\/revisions"}],"wp:featuredmedia":[{"embeddable":true,"href":"https:\/\/desguacedemotos.info\/index.php\/wp-json\/wp\/v2\/media\/7754"}],"wp:attachment":[{"href":"https:\/\/desguacedemotos.info\/index.php\/wp-json\/wp\/v2\/media?parent=17132"}],"wp:term":[{"taxonomy":"product_cat","embeddable":true,"href":"https:\/\/desguacedemotos.info\/index.php\/wp-json\/wp\/v2\/product_cat?post=17132"},{"taxonomy":"product_tag","embeddable":true,"href":"https:\/\/desguacedemotos.info\/index.php\/wp-json\/wp\/v2\/product_tag?post=17132"}],"curies":[{"name":"wp","href":"https:\/\/api.w.org\/{rel}","templated":true}]}}