{"id":17156,"date":"2021-04-08T21:56:32","date_gmt":"2021-04-08T21:56:32","guid":{"rendered":"http:\/\/desguacedemotos.info\/index.php\/producto\/cupula-honda-pantheon-00\/"},"modified":"2021-04-08T21:56:32","modified_gmt":"2021-04-08T21:56:32","slug":"cupula-honda-pantheon-00","status":"publish","type":"product","link":"https:\/\/desguacedemotos.info\/index.php\/producto\/cupula-honda-pantheon-00\/","title":{"rendered":"C\u00daPULA HONDA PANTHEON 00"},"content":{"rendered":"<p>Recambio usado, entrega en mano o env\u00edo a toda Espa\u00f1a. Llamenos de lunes a viernes de 10 a 20 y s\u00e1bados de 10 a 14.<\/p>\n","protected":false},"excerpt":{"rendered":"<p>Recambio usado, entrega en mano o env\u00edo a toda Espa\u00f1a. Llamenos de lunes a viernes de 10 a 20 y s\u00e1bados de 10 a 14.<\/p>\n","protected":false},"featured_media":8068,"template":"","meta":{"neve_meta_sidebar":"","neve_meta_container":"","neve_meta_enable_content_width":"","neve_meta_content_width":0,"neve_meta_title_alignment":"","neve_meta_author_avatar":"","neve_post_elements_order":"","neve_meta_disable_header":"","neve_meta_disable_footer":"","neve_meta_disable_title":"","_ti_tpc_template_sync":false,"_ti_tpc_template_id":"","_joinchat":[]},"product_cat":[1284],"product_tag":[],"_links":{"self":[{"href":"https:\/\/desguacedemotos.info\/index.php\/wp-json\/wp\/v2\/product\/17156"}],"collection":[{"href":"https:\/\/desguacedemotos.info\/index.php\/wp-json\/wp\/v2\/product"}],"about":[{"href":"https:\/\/desguacedemotos.info\/index.php\/wp-json\/wp\/v2\/types\/product"}],"version-history":[{"count":0,"href":"https:\/\/desguacedemotos.info\/index.php\/wp-json\/wp\/v2\/product\/17156\/revisions"}],"wp:featuredmedia":[{"embeddable":true,"href":"https:\/\/desguacedemotos.info\/index.php\/wp-json\/wp\/v2\/media\/8068"}],"wp:attachment":[{"href":"https:\/\/desguacedemotos.info\/index.php\/wp-json\/wp\/v2\/media?parent=17156"}],"wp:term":[{"taxonomy":"product_cat","embeddable":true,"href":"https:\/\/desguacedemotos.info\/index.php\/wp-json\/wp\/v2\/product_cat?post=17156"},{"taxonomy":"product_tag","embeddable":true,"href":"https:\/\/desguacedemotos.info\/index.php\/wp-json\/wp\/v2\/product_tag?post=17156"}],"curies":[{"name":"wp","href":"https:\/\/api.w.org\/{rel}","templated":true}]}}